{"id":4881,"date":"2018-02-15T05:47:50","date_gmt":"2018-02-15T11:47:50","guid":{"rendered":"http:\/\/themes.radiantthemes.com\/consultix\/demo-one\/?page_id=4881"},"modified":"2019-04-16T06:10:59","modified_gmt":"2019-04-16T11:10:59","slug":"chi-siamo","status":"publish","type":"page","link":"http:\/\/enigm4sec.com\/it\/chi-siamo\/","title":{"rendered":"Chi siamo"},"content":{"rendered":"<p>[vc_row full_width=&#8221;stretch_row&#8221; gap=&#8221;30&#8243; css=&#8221;.vc_custom_1519364473757{margin-top: 0px !important;margin-bottom: 0px !important;padding-top: 65px !important;padding-bottom: 65px !important;background-color: #ffffff !important;}&#8221;][vc_column width=&#8221;1\/3&#8243; css=&#8221;.vc_custom_1518675617323{border-top-width: 1px !important;border-right-width: 1px !important;border-bottom-width: 1px !important;border-left-width: 1px !important;padding-top: 30px !important;padding-right: 40px !important;padding-bottom: 46px !important;padding-left: 40px !important;background-color: #f9f9f9 !important;border-left-color: #f0f0f0 !important;border-left-style: solid !important;border-right-color: #f0f0f0 !important;border-right-style: solid !important;border-top-color: #f0f0f0 !important;border-top-style: solid !important;border-bottom-color: #f0f0f0 !important;border-bottom-style: solid !important;}&#8221;][vc_single_image image=&#8221;4900&#8243; img_size=&#8221;full&#8221; alignment=&#8221;center&#8221; css=&#8221;.vc_custom_1519369911661{margin-top: 0px !important;margin-bottom: 0px !important;padding-top: 0px !important;padding-bottom: 0px !important;}&#8221;][vc_custom_heading text=&#8221;Chi siamo&#8221; font_container=&#8221;tag:h4|font_size:20px|text_align:center|line_height:26px&#8221; use_theme_fonts=&#8221;yes&#8221; css=&#8221;.vc_custom_1555340888966{margin-top: 15px !important;margin-bottom: 6px !important;padding-top: 0px !important;padding-bottom: 0px !important;}&#8221;][vc_column_text css=&#8221;.vc_custom_1555340930323{margin-top: 0px !important;margin-bottom: 0px !important;padding-top: 0px !important;padding-bottom: 0px !important;}&#8221;]<\/p>\n<p style=\"text-align: center;\">In Enigm4 Sec forniamo servizi avanzati di cybersecurity specializzati per i settori industriale e manifatturiero.<\/p>\n<p>[\/vc_column_text][\/vc_column][vc_column width=&#8221;1\/3&#8243; css=&#8221;.vc_custom_1518675663079{border-top-width: 1px !important;border-right-width: 1px !important;border-bottom-width: 1px !important;border-left-width: 1px !important;padding-top: 30px !important;padding-right: 40px !important;padding-bottom: 46px !important;padding-left: 40px !important;background-color: #f9f9f9 !important;border-left-color: #f0f0f0 !important;border-left-style: solid !important;border-right-color: #f0f0f0 !important;border-right-style: solid !important;border-top-color: #f0f0f0 !important;border-top-style: solid !important;border-bottom-color: #f0f0f0 !important;border-bottom-style: solid !important;}&#8221;][vc_single_image image=&#8221;5028&#8243; img_size=&#8221;full&#8221; alignment=&#8221;center&#8221; css=&#8221;.vc_custom_1519369933423{margin-top: 0px !important;margin-bottom: 0px !important;padding-top: 0px !important;padding-bottom: 0px !important;}&#8221;][vc_custom_heading text=&#8221;La nostra missione&#8221; font_container=&#8221;tag:h4|font_size:20px|text_align:center|line_height:26px&#8221; use_theme_fonts=&#8221;yes&#8221; css=&#8221;.vc_custom_1555341453307{margin-top: 15px !important;margin-bottom: 6px !important;padding-top: 0px !important;padding-bottom: 0px !important;}&#8221;][vc_column_text css=&#8221;.vc_custom_1555341418080{margin-top: 0px !important;margin-bottom: 0px !important;padding-top: 0px !important;padding-bottom: 0px !important;}&#8221;]<\/p>\n<p style=\"text-align: center;\">Fornire servizi specializzati di sicurezza informatica d&#8217;avanguardia per il settore industriale e manifatturiero al fine di garantire ai nostri clienti in qualsiasi momento la confidenzialit\u00e0, la disponibilit\u00e0 e l&#8217;integrit\u00e0 delle loro informazioni, nonch\u00e9 la corretta esecuzione dei processi produttivi in assoluta sicurezza garantendo quindi l&#8217;operativit\u00e0 in un ambiente controllato e sicuro.<\/p>\n<p>[\/vc_column_text][\/vc_column][vc_column width=&#8221;1\/3&#8243; css=&#8221;.vc_custom_1518675699927{border-top-width: 1px !important;border-right-width: 1px !important;border-bottom-width: 1px !important;border-left-width: 1px !important;padding-top: 30px !important;padding-right: 40px !important;padding-bottom: 46px !important;padding-left: 40px !important;background-color: #f9f9f9 !important;border-left-color: #f0f0f0 !important;border-left-style: solid !important;border-right-color: #f0f0f0 !important;border-right-style: solid !important;border-top-color: #f0f0f0 !important;border-top-style: solid !important;border-bottom-color: #f0f0f0 !important;border-bottom-style: solid !important;}&#8221;][vc_single_image image=&#8221;5039&#8243; img_size=&#8221;full&#8221; alignment=&#8221;center&#8221; css=&#8221;.vc_custom_1519369965448{margin-top: 0px !important;margin-bottom: 0px !important;padding-top: 0px !important;padding-bottom: 0px !important;}&#8221;][vc_custom_heading text=&#8221;La nostra visione&#8221; font_container=&#8221;tag:h4|font_size:20px|text_align:center|line_height:26px&#8221; use_theme_fonts=&#8221;yes&#8221; css=&#8221;.vc_custom_1555341471514{margin-top: 15px !important;margin-bottom: 6px !important;padding-top: 0px !important;padding-bottom: 0px !important;}&#8221;][vc_column_text css=&#8221;.vc_custom_1555341540742{margin-top: 0px !important;margin-bottom: 0px !important;padding-top: 0px !important;padding-bottom: 0px !important;}&#8221;]<\/p>\n<p style=\"text-align: center;\">Essere un punto di riferimento in materia di sicurezza informatica con particolare riferimento verso la tecnologia operativa del settore industriale e manifatturiero.<\/p>\n<p>[\/vc_column_text][\/vc_column][\/vc_row][vc_row full_width=&#8221;stretch_row&#8221; css=&#8221;.vc_custom_1519362419432{margin-top: 0px !important;margin-bottom: 0px !important;padding-top: 0px !important;padding-bottom: 80px !important;background-color: #ffffff !important;}&#8221;][vc_column css=&#8221;.vc_custom_1519362639897{margin-top: 0px !important;padding-top: 0px !important;}&#8221;][vc_custom_heading text=&#8221;Perch\u00e8 servizi di cybersecurity specializzati<br \/>\nper il settore industriale?&#8221; font_container=&#8221;tag:h2|font_size:35px|text_align:center|line_height:42px&#8221; use_theme_fonts=&#8221;yes&#8221; css=&#8221;.vc_custom_1555341600647{margin-top: 11px !important;margin-bottom: 0px !important;padding-top: 0px !important;padding-bottom: 0px !important;}&#8221;][vc_single_image image=&#8221;5313&#8243; img_size=&#8221;full&#8221; alignment=&#8221;center&#8221; css=&#8221;.vc_custom_1519369990030{margin-top: 28px !important;margin-bottom: 0px !important;padding-top: 0px !important;padding-bottom: 0px !important;}&#8221;][vc_row_inner css=&#8221;.vc_custom_1518697640027{margin-top: 45px !important;margin-bottom: 0px !important;padding-top: 0px !important;padding-bottom: 0px !important;}&#8221;][vc_column_inner width=&#8221;1\/2&#8243;][vc_custom_heading text=&#8221;OT \u00e8 diverso da IT&#8221; font_container=&#8221;tag:h3|font_size:30px|text_align:left|line_height:38px&#8221; use_theme_fonts=&#8221;yes&#8221;][vc_column_text css=&#8221;.vc_custom_1555342371068{margin-top: 35px !important;margin-bottom: 0px !important;padding-top: 0px !important;padding-bottom: 0px !important;}&#8221;]L&#8217;operazione e la tecnologia dei processi industriali (Operational Technology o OT per il suo acronimo in inglese) \u00e8 composta da processi, protocolli e servizi di cybersicurezza che per alcuni aspetti sono simili a quelli dell&#8217;Information Technology (IT); tuttavia, l&#8217;obiettivo principale dei servizi sicurezza informatica per l&#8217;IT \u00e8 quello di garantire la CIA (confidenzialit\u00e0, integrit\u00e0 e disponibilit\u00e0).<\/p>\n<p>In OT, oltre a garantire la CIA, si rendono necessari due elementi addizionali:<\/p>\n<p>&nbsp;<\/p>\n<ul>\n<li><strong>Processi:<\/strong> garantire la corretta esecuzione dei processi di fabbricazione e produzione, nonch\u00e9 di tutte le operazioni relative all&#8217;industria specifica. L&#8217;interruzione di questi processi, anche se per un periodo di tempo limitato, in alcuni casi pu\u00f2 comportare enormi perdite finanziarie, pertanto si rende necessario garantirne il corretto funzionamento.<\/li>\n<\/ul>\n<p>&nbsp;<\/p>\n<ul>\n<li><strong>Sicurezza fisica:<\/strong> la modifica o alterazione non autorizzata di alcuni parametri di funzionamento del processo di produzione pu\u00f2 convertirsi in un pericolo fisico come ad esempio incendi o esplosioni e i difetti di fabbricazione di componenti potrebbero in futuro comportare un rischio per la sicurezza al momento dell&#8217;assemblaggio con altri componenti.<\/li>\n<\/ul>\n<p>&nbsp;<\/p>\n<p>In base a ci\u00f2, in Enigm4 Sec si \u00e8 resa necessaria per la progettazione di servizi di sicurezza informatica specializzata per il settore industriale in grado di identificare le falle di sicurezza cibernetica nella tecnologia operativa.[\/vc_column_text][\/vc_column_inner][vc_column_inner width=&#8221;1\/2&#8243;][vc_single_image image=&#8221;9176&#8243; img_size=&#8221;full&#8221; css=&#8221;.vc_custom_1549311382427{margin-top: 0px !important;margin-bottom: 0px !important;padding-top: 0px !important;padding-bottom: 0px !important;}&#8221; el_class=&#8221;image-space-top&#8221;][\/vc_column_inner][\/vc_row_inner][\/vc_column][\/vc_row][vc_row full_width=&#8221;stretch_row&#8221; css=&#8221;.vc_custom_1519370052732{margin-top: 0px !important;margin-bottom: 0px !important;padding-top: 85px !important;padding-bottom: 85px !important;background-image: url(http:\/\/enigm4sec.com\/it\/it\/wp-content\/uploads\/2018\/02\/background.jpg?id=5129) !important;background-position: center !important;background-repeat: no-repeat !important;background-size: cover !important;}&#8221;][vc_column width=&#8221;1\/4&#8243; css=&#8221;.vc_custom_1518693302035{margin-top: 0px !important;margin-bottom: 0px !important;padding-top: 0px !important;padding-bottom: 0px !important;}&#8221;][vc_single_image image=&#8221;5137&#8243; img_size=&#8221;full&#8221; css=&#8221;.vc_custom_1519370074929{margin-top: 0px !important;margin-bottom: 0px !important;padding-top: 0px !important;padding-bottom: 0px !important;}&#8221; el_class=&#8221;line-height-image&#8221;]<div style=\"text-align:left;font-size:50px;line-height:60px;color:#ffffff;font-family:Montserrat; font-weight:700; font-style:normal; \" class=\"rt-counterup element-one pull-left number\"  data-counterup-delay=\"100\" data-counterup-time=\"1000\">5<\/div>[vc_custom_heading text=&#8221;A\u00f1os<br \/>\nde experiencia&#8221; font_container=&#8221;tag:h5|font_size:18px|text_align:left|color:%23ffffff|line_height:22px&#8221; use_theme_fonts=&#8221;yes&#8221; el_class=&#8221;pull-left font-weight&#8221; css=&#8221;.vc_custom_1549310724013{margin-top: 8px !important;margin-bottom: 0px !important;padding-top: 0px !important;padding-bottom: 0px !important;}&#8221;][\/vc_column][vc_column width=&#8221;1\/4&#8243; css=&#8221;.vc_custom_1518694510994{margin-top: 0px !important;margin-bottom: 0px !important;padding-top: 0px !important;padding-bottom: 0px !important;}&#8221;][vc_single_image image=&#8221;5137&#8243; img_size=&#8221;full&#8221; css=&#8221;.vc_custom_1519370074929{margin-top: 0px !important;margin-bottom: 0px !important;padding-top: 0px !important;padding-bottom: 0px !important;}&#8221; el_class=&#8221;line-height-image&#8221;]<div style=\"text-align:left;font-size:50px;line-height:60px;color:#ffffff;font-family:Montserrat; font-weight:700; font-style:normal; \" class=\"rt-counterup element-one pull-left number\"  data-counterup-delay=\"100\" data-counterup-time=\"1000\">14<\/div>[vc_custom_heading text=&#8221;Ingenieros<br \/>\nexpertos&#8221; font_container=&#8221;tag:h5|font_size:18px|text_align:left|color:%23ffffff|line_height:22px&#8221; use_theme_fonts=&#8221;yes&#8221; el_class=&#8221;pull-left font-weight&#8221; css=&#8221;.vc_custom_1549310770242{margin-top: 8px !important;margin-bottom: 0px !important;padding-top: 0px !important;padding-bottom: 0px !important;}&#8221;][\/vc_column][vc_column width=&#8221;1\/4&#8243; css=&#8221;.vc_custom_1518694527605{margin-top: 0px !important;margin-bottom: 0px !important;padding-top: 0px !important;padding-bottom: 0px !important;}&#8221;][vc_single_image image=&#8221;5137&#8243; img_size=&#8221;full&#8221; css=&#8221;.vc_custom_1519370074929{margin-top: 0px !important;margin-bottom: 0px !important;padding-top: 0px !important;padding-bottom: 0px !important;}&#8221; el_class=&#8221;line-height-image&#8221;]<div style=\"text-align:left;font-size:50px;line-height:60px;color:#ffffff;font-family:Montserrat; font-weight:700; font-style:normal; \" class=\"rt-counterup element-one pull-left number\"  data-counterup-delay=\"100\" data-counterup-time=\"1000\">48<\/div>[vc_custom_heading text=&#8221;Proyectos<br \/>\nexitosos&#8221; font_container=&#8221;tag:h5|font_size:18px|text_align:left|color:%23ffffff|line_height:22px&#8221; use_theme_fonts=&#8221;yes&#8221; el_class=&#8221;pull-left font-weight&#8221; css=&#8221;.vc_custom_1549310825736{margin-top: 8px !important;margin-bottom: 0px !important;padding-top: 0px !important;padding-bottom: 0px !important;}&#8221;][\/vc_column][vc_column width=&#8221;1\/4&#8243; css=&#8221;.vc_custom_1518694559919{margin-top: 0px !important;margin-bottom: 0px !important;padding-top: 0px !important;padding-bottom: 0px !important;}&#8221;][vc_single_image image=&#8221;5137&#8243; img_size=&#8221;full&#8221; css=&#8221;.vc_custom_1519370074929{margin-top: 0px !important;margin-bottom: 0px !important;padding-top: 0px !important;padding-bottom: 0px !important;}&#8221; el_class=&#8221;line-height-image&#8221;]<div style=\"text-align:left;font-size:50px;line-height:60px;color:#ffffff;font-family:Montserrat; font-weight:700; font-style:normal; \" class=\"rt-counterup element-one pull-left number\"  data-counterup-delay=\"100\" data-counterup-time=\"1000\">26<\/div>[vc_custom_heading text=&#8221;Clientes<br \/>\nsatisfechos&#8221; font_container=&#8221;tag:h5|font_size:18px|text_align:left|color:%23ffffff|line_height:22px&#8221; use_theme_fonts=&#8221;yes&#8221; el_class=&#8221;pull-left font-weight&#8221; css=&#8221;.vc_custom_1549310854544{margin-top: 8px !important;margin-bottom: 0px !important;padding-top: 0px !important;padding-bottom: 0px !important;}&#8221;][\/vc_column][\/vc_row][vc_row full_width=&#8221;stretch_row&#8221; css=&#8221;.vc_custom_1519364510223{margin-top: 0px !important;margin-bottom: 0px !important;padding-top: 65px !important;padding-bottom: 0px !important;background-color: #ffffff !important;}&#8221;][vc_column css=&#8221;.vc_custom_1519362557960{margin-top: 0px !important;padding-top: 0px !important;}&#8221;][vc_custom_heading text=&#8221;Perch\u00e8 scegliere Enigm4 Sec<br \/>\nper la sua azienda?&#8221; font_container=&#8221;tag:h2|font_size:35px|text_align:center|line_height:42px&#8221; use_theme_fonts=&#8221;yes&#8221; css=&#8221;.vc_custom_1555342423702{margin-top: 11px !important;margin-bottom: 0px !important;padding-top: 0px !important;padding-bottom: 0px !important;}&#8221;][vc_single_image image=&#8221;5313&#8243; img_size=&#8221;full&#8221; alignment=&#8221;center&#8221; css=&#8221;.vc_custom_1519370145297{margin-top: 28px !important;margin-bottom: 0px !important;padding-top: 0px !important;padding-bottom: 0px !important;}&#8221;][vc_row_inner css=&#8221;.vc_custom_1518756797608{margin-top: 65px !important;margin-bottom: 0px !important;padding-top: 0px !important;padding-bottom: 0px !important;}&#8221;][vc_column_inner width=&#8221;1\/4&#8243;][vc_single_image image=&#8221;5235&#8243; img_size=&#8221;full&#8221; alignment=&#8221;right&#8221; css=&#8221;.vc_custom_1519370170825{margin-top: 0px !important;margin-bottom: 0px !important;padding-top: 0px !important;padding-bottom: 0px !important;}&#8221; el_class=&#8221;left-align&#8221;][vc_custom_heading text=&#8221;Servizi di cybersecurity<br \/>\nspecializzati per<br \/>\nil industriale<br \/>\ne manifatturiero.&#8221; font_container=&#8221;tag:h5|font_size:20px|text_align:right|line_height:26px&#8221; use_theme_fonts=&#8221;yes&#8221; css=&#8221;.vc_custom_1555342481596{margin-top: 22px !important;margin-bottom: 0px !important;padding-top: 0px !important;padding-bottom: 0px !important;}&#8221; el_class=&#8221;left-align&#8221;][vc_column_text css=&#8221;.vc_custom_1549313120109{margin-top: 15px !important;margin-bottom: 45px !important;padding-top: 0px !important;padding-bottom: 0px !important;}&#8221; el_class=&#8221;left-align&#8221;][\/vc_column_text][vc_single_image image=&#8221;5239&#8243; img_size=&#8221;full&#8221; alignment=&#8221;right&#8221; css=&#8221;.vc_custom_1519370195474{margin-top: 0px !important;margin-bottom: 0px !important;padding-top: 0px !important;padding-bottom: 0px !important;}&#8221; el_class=&#8221;left-align&#8221;][vc_custom_heading text=&#8221;Pianificazione e strategia<br \/>\npersonalizzati per il tuo<br \/>\nambiente produttivo.&#8221; font_container=&#8221;tag:h4|font_size:20px|text_align:right|line_height:26px&#8221; use_theme_fonts=&#8221;yes&#8221; css=&#8221;.vc_custom_1555342536234{margin-top: 22px !important;margin-bottom: 0px !important;padding-top: 0px !important;padding-bottom: 0px !important;}&#8221; el_class=&#8221;left-align&#8221;][vc_column_text css=&#8221;.vc_custom_1549313178818{margin-top: 15px !important;margin-bottom: 45px !important;padding-top: 0px !important;padding-bottom: 0px !important;}&#8221; el_class=&#8221;left-align&#8221;][\/vc_column_text][\/vc_column_inner][vc_column_inner width=&#8221;1\/2&#8243; css=&#8221;.vc_custom_1518755696534{margin-top: 0px !important;margin-bottom: 0px !important;padding-top: 0px !important;padding-bottom: 0px !important;}&#8221;][vc_single_image image=&#8221;5214&#8243; img_size=&#8221;full&#8221; css=&#8221;.vc_custom_1519370263028{margin-top: 0px !important;margin-bottom: 0px !important;padding-top: 0px !important;padding-bottom: 0px !important;}&#8221; el_class=&#8221;image-space&#8221;][\/vc_column_inner][vc_column_inner width=&#8221;1\/4&#8243;][vc_single_image image=&#8221;5233&#8243; img_size=&#8221;full&#8221; css=&#8221;.vc_custom_1519370217759{margin-top: 0px !important;margin-bottom: 0px !important;padding-top: 0px !important;padding-bottom: 0px !important;}&#8221;][vc_custom_heading text=&#8221;Garanzia di soddisfazione.&#8221; font_container=&#8221;tag:h4|font_size:20px|text_align:left|line_height:26px&#8221; use_theme_fonts=&#8221;yes&#8221; css=&#8221;.vc_custom_1555342560262{margin-top: 22px !important;margin-bottom: 0px !important;padding-top: 0px !important;padding-bottom: 0px !important;}&#8221;][vc_column_text css=&#8221;.vc_custom_1549313109886{margin-top: 15px !important;margin-bottom: 45px !important;padding-top: 0px !important;padding-bottom: 0px !important;}&#8221; el_class=&#8221;left-align&#8221;][\/vc_column_text][vc_single_image image=&#8221;5237&#8243; img_size=&#8221;full&#8221; css=&#8221;.vc_custom_1519370240647{margin-top: 0px !important;margin-bottom: 0px !important;padding-top: 0px !important;padding-bottom: 0px !important;}&#8221;][vc_custom_heading text=&#8221;Esperti qualificati<br \/>\nassegnati individualmente<br \/>\nad ogni incarico.&#8221; font_container=&#8221;tag:h5|font_size:20px|text_align:left|line_height:26px&#8221; use_theme_fonts=&#8221;yes&#8221; css=&#8221;.vc_custom_1555342616018{margin-top: 22px !important;margin-bottom: 0px !important;padding-top: 0px !important;padding-bottom: 0px !important;}&#8221;][\/vc_column_inner][\/vc_row_inner][\/vc_column][\/vc_row][vc_row full_width=&#8221;stretch_row&#8221; css=&#8221;.vc_custom_1519370297823{margin-top: 0px !important;margin-bottom: 0px !important;padding-top: 100px !important;padding-bottom: 100px !important;background-image: url(http:\/\/enigm4sec.com\/it\/it\/wp-content\/uploads\/2018\/02\/Job-background.jpg?id=5242) !important;background-position: center !important;background-repeat: no-repeat !important;background-size: cover !important;}&#8221;][vc_column width=&#8221;3\/4&#8243; css=&#8221;.vc_custom_1518760412281{margin-top: 0px !important;margin-bottom: 0px !important;padding-top: 0px !important;padding-bottom: 0px !important;}&#8221;][vc_custom_heading text=&#8221;\u00bfQuieres ser parte de nuestro equipo?&#8221; font_container=&#8221;tag:h4|font_size:35px|text_align:left|color:%23ffffff|line_height:40px&#8221; use_theme_fonts=&#8221;yes&#8221;][vc_custom_heading text=&#8221;Nos encontramos continuamente en b\u00fasqueda de personas entusiastas por la seguridad inform\u00e1tica, que tengan pasi\u00f3n y sobretodo muchas muchas ganas de aprender!<br \/>\n\u00a1Consulta nuestras vacantes disponibles o env\u00edanos tu CV actualizado!&#8221; font_container=&#8221;tag:p|text_align:left|color:%23ffffff&#8221; use_theme_fonts=&#8221;yes&#8221; css=&#8221;.vc_custom_1549311750433{margin-top: 30px !important;margin-bottom: 0px !important;padding-top: 0px !important;padding-bottom: 0px !important;}&#8221;][\/vc_column][vc_column width=&#8221;1\/4&#8243; css=&#8221;.vc_custom_1518760815988{margin-top: 0px !important;margin-bottom: 0px !important;padding-top: 0px !important;padding-bottom: 0px !important;}&#8221;]\r<!-- rt-button2 -->\r<div class=\"rt-button2 element-two hover-style-one ex7f668e9bda52cb4  button-custom \"  data-button-direction=\"center\" data-button-fullwidth=\"false\" ><a style=\" color: #252525; line-height: 26px; font-size: 13px;\" class=\"rt-button2-main  vc_custom_1550438527509\" href=\"http:\/\/enigm4sec.com\/itit\/wp_enigm4sec\/trabaja-con-nosotros\/\"  title=\"\" target=\"_self\"><div class=\"overlay\"><\/div><div class=\"placeholder\">VER VACANTES DISPONIBLES<\/div><\/a><\/div>\r<!-- rt-button2 -->\r[\/vc_column][\/vc_row]<\/p>\n","protected":false},"excerpt":{"rendered":"<p>[vc_row full_width=&#8221;stretch_row&#8221; gap=&#8221;30&#8243; css=&#8221;.vc_custom_1519364473757{margin-top: 0px !important;margin-bottom: 0px !important;padding-top: 65px !important;padding-bottom: 65px !important;background-color: #ffffff !important;}&#8221;][vc_column width=&#8221;1\/3&#8243; css=&#8221;.vc_custom_1518675617323{border-top-width: 1px !important;border-right-width: 1px !important;border-bottom-width: 1px !important;border-left-width: 1px !important;padding-top: 30px !important;padding-right: 40px !important;padding-bottom: 46px !important;padding-left: 40px !important;background-color: #f9f9f9 !important;border-left-color: #f0f0f0 !important;border-left-style: solid !important;border-right-color: #f0f0f0 !important;border-right-style: solid !important;border-top-color: #f0f0f0 !important;border-top-style: solid !important;border-bottom-color: #f0f0f0 !important;border-bottom-style: solid !important;}&#8221;][vc_single_image image=&#8221;4900&#8243; img_size=&#8221;full&#8221; alignment=&#8221;center&#8221; css=&#8221;.vc_custom_1519369911661{margin-top: 0px [&hellip;]<\/p>\n","protected":false},"author":1,"featured_media":0,"parent":0,"menu_order":0,"comment_status":"closed","ping_status":"closed","template":"","meta":[],"_links":{"self":[{"href":"http:\/\/enigm4sec.com\/it\/wp-json\/wp\/v2\/pages\/4881"}],"collection":[{"href":"http:\/\/enigm4sec.com\/it\/wp-json\/wp\/v2\/pages"}],"about":[{"href":"http:\/\/enigm4sec.com\/it\/wp-json\/wp\/v2\/types\/page"}],"author":[{"embeddable":true,"href":"http:\/\/enigm4sec.com\/it\/wp-json\/wp\/v2\/users\/1"}],"replies":[{"embeddable":true,"href":"http:\/\/enigm4sec.com\/it\/wp-json\/wp\/v2\/comments?post=4881"}],"version-history":[{"count":20,"href":"http:\/\/enigm4sec.com\/it\/wp-json\/wp\/v2\/pages\/4881\/revisions"}],"predecessor-version":[{"id":9484,"href":"http:\/\/enigm4sec.com\/it\/wp-json\/wp\/v2\/pages\/4881\/revisions\/9484"}],"wp:attachment":[{"href":"http:\/\/enigm4sec.com\/it\/wp-json\/wp\/v2\/media?parent=4881"}],"curies":[{"name":"wp","href":"https:\/\/api.w.org\/{rel}","templated":true}]}}