{"id":8842,"date":"2019-01-12T01:49:29","date_gmt":"2019-01-12T07:49:29","guid":{"rendered":"http:\/\/enigm4sec.com\/it\/it\/wp_enigm4sec\/?page_id=8842"},"modified":"2019-04-20T03:43:15","modified_gmt":"2019-04-20T08:43:15","slug":"settore-industriale","status":"publish","type":"page","link":"http:\/\/enigm4sec.com\/it\/settore-industriale\/","title":{"rendered":"Industriale"},"content":{"rendered":"<p>[vc_section full_width=&#8221;stretch_row&#8221; css=&#8221;.vc_custom_1519198247869{margin-bottom: 0px !important;padding-top: 65px !important;padding-bottom: 30px !important;}&#8221;][vc_row][vc_column][vc_custom_heading text=&#8221;Sicurezza informatica per il settore industriale e manifatturiero&#8221; font_container=&#8221;tag:h1|font_size:30px|text_align:center&#8221; use_theme_fonts=&#8221;yes&#8221; css_animation=&#8221;none&#8221; css=&#8221;.vc_custom_1554894651657{padding-top: 0px !important;padding-bottom: 0px !important;}&#8221;][vc_column_text css_animation=&#8221;none&#8221; css=&#8221;.vc_custom_1554939237926{margin-top: 12px !important;margin-bottom: 27px !important;padding-top: 0px !important;padding-bottom: 0px !important;}&#8221;]I vostri sistemi informatici, di controllo industriale e SCADA sono adeguatamente protetti per far fronte a un attacco cibernetico? I servizi di sicurezza informatica di Enigm4 Sec sono progettati specificamente per il settore industriale, vi aiutiamo a rilevare e mitigare i principali rischi all&#8217;interno dei vostri sistemi di produzione e controllo, riducendo la possibilit\u00e0 di intrusione cibernetica.[\/vc_column_text][rev_slider_vc alias=&#8221;industria-slider&#8221;][\/vc_column][\/vc_row][vc_row full_width=&#8221;stretch_row&#8221; css_animation=&#8221;none&#8221; css=&#8221;.vc_custom_1519191954575{margin-top: 0px !important;margin-bottom: 0px !important;padding-top: 0px !important;padding-bottom: 0px !important;}&#8221;][vc_column css_animation=&#8221;none&#8221; css=&#8221;.vc_custom_1519191969183{margin-right: 0px !important;padding-right: 42px !important;}&#8221;][vc_custom_heading text=&#8221;IL TERZO SETTORE PI\u00d9 ATTACCATO DAGLI HACKERS&#8221; font_container=&#8221;tag:h2|font_size:18px|text_align:left&#8221; use_theme_fonts=&#8221;yes&#8221; css_animation=&#8221;none&#8221; css=&#8221;.vc_custom_1554894981031{margin-top: 0px !important;padding-top: 0px !important;padding-bottom: 0px !important;}&#8221;][\/vc_column][\/vc_row][\/vc_section][vc_row full_width=&#8221;stretch_row&#8221;][vc_column width=&#8221;5\/12&#8243;][vc_single_image image=&#8221;8757&#8243; img_size=&#8221;full&#8221;][vc_empty_space][vc_empty_space][vc_empty_space][vc_single_image image=&#8221;8883&#8243; img_size=&#8221;large&#8221;][\/vc_column][vc_column width=&#8221;7\/12&#8243;][vc_column_text css_animation=&#8221;none&#8221; css=&#8221;.vc_custom_1554895584680{margin-top: 10px !important;margin-bottom: 0px !important;padding-top: 0px !important;padding-bottom: 32px !important;}&#8221;]Le aziende del settore industriale sono focalizzate sull&#8217;esercizio dei sistemi di controllo industriale (o Industrial Control Systems &#8211; ICS), dei sistemi SCADA e dei processi di produzione; per tali aziende, la gestione del rischio cibernetico \u200b\u200b\u00e8 diventata una priorit\u00e0 fondamentale. Oggigiorno il settore industriale \u00e8 ancora pi\u00f9 esposto al rischio di spionaggio industriale cos\u00ec come al furto di segreti commerciali, quasi la met\u00e0 dei produttori sono stati vittime di (in)sicurezza informatica. Il settore industriale e manifatturiero \u00e8 divenuto nel tempo un obiettivo importante per i criminali informatici in quanto possono realizare furto di informazioni sensibili, di dati, provocare interruzioni di accesso ai sistemi e addirittura, in casi pi\u00f9 estremi, fermare tutti i processi produttivi, compiere spionaggio industriale con la finalit\u00e0 di ottenere vantaggi competitivi o addirittura causare danni fisici alle infrastrutture e alle persone. Secondo un sondaggio realizzato su un campione di 100 aziende, oltre il 77% ha affermato di essere stato vittima di un incidente di sicurezza informatica, la met\u00e0 dei quali ha sofferto perdite monetarie e\/o interruzione di processi aziendali critici. Inoltre, non vi \u00e8 alcun dubbio sul fatto che molti altri attacchi non sono stati rilevati e fermati. Un approccio globale alla sicurezza informatica non \u00e8 qualcosa che le aziende industriali possono permettersi di ignorare: questo settore \u00e8 ora al terzo posto in curva sotto attacco da parte i criminali informatici, dietro solo al governo e ai sistemi finanziari; nonostante questo, il settore industriale \u00e8 tra i meno protetti contro la criminalit\u00e0 informatica.[\/vc_column_text][vc_empty_space][vc_row_inner][vc_column_inner width=&#8221;1\/2&#8243;][vc_column_text css=&#8221;.vc_custom_1554895705135{margin-right: 0px !important;margin-left: 0px !important;padding-right: 0px !important;padding-left: 92px !important;background-image: url(http:\/\/enigm4sec.com\/it\/it\/wp-content\/uploads\/2018\/02\/mechin-2.png?id=6404) !important;background-position: 0 0 !important;background-repeat: no-repeat !important;}&#8221; el_class=&#8221;mechin-text&#8221;]<\/p>\n<h2>ELEVATA ESPOSIZIONE AD ATTACCHI CIBERNETICI<\/h2>\n<p>La mancanza di meccanismi di sicurezza informatica nel settore industriale fa s\u00ec che le aziende siano tra i principali bersagli dei criminali informatici.[\/vc_column_text][vc_empty_space][vc_empty_space][\/vc_column_inner][vc_column_inner width=&#8221;1\/2&#8243;][vc_column_text css=&#8221;.vc_custom_1554895865007{margin-right: 0px !important;margin-left: 0px !important;padding-right: 0px !important;padding-left: 92px !important;background-image: url(http:\/\/enigm4sec.com\/it\/it\/wp-content\/uploads\/2018\/02\/mechin-1.png?id=6408) !important;background-position: 0 0 !important;background-repeat: no-repeat !important;}&#8221; el_class=&#8221;mechin-text&#8221;]<\/p>\n<h2>CATENA DI MONTAGGIO AUTOMOBILISTICA<\/h2>\n<p>Tra le aziende del settore industriale che hanno sub\u00ecto il maggior numero di attacchi, sono in continua crescita quelle del settore automobilistico.[\/vc_column_text][\/vc_column_inner][\/vc_row_inner][\/vc_column][\/vc_row][vc_row][vc_column][vc_row_inner][vc_column_inner width=&#8221;1\/2&#8243;][vc_single_image image=&#8221;8863&#8243; img_size=&#8221;large&#8221; alignment=&#8221;right&#8221; style=&#8221;vc_box_rounded&#8221;][vc_empty_space height=&#8221;50px&#8221;][\/vc_column_inner][vc_column_inner width=&#8221;1\/2&#8243;][vc_column_text css=&#8221;.vc_custom_1554895958590{margin-right: 0px !important;margin-left: 0px !important;padding-right: 0px !important;padding-left: 92px !important;background-image: url(http:\/\/enigm4sec.com\/it\/it\/wp-content\/uploads\/2018\/02\/mechin-1.png11?id=6408) !important;background-position: 0 0 !important;background-repeat: no-repeat !important;}&#8221; el_class=&#8221;mechin-text&#8221;]<strong>RILEVAMENTO<\/strong><\/p>\n<p class=\"p1\">Enigm4 Sec manterr\u00e0 le tue reti al sicuro. Forniamo servizi SOC personalizzati per la tua organizzazione e utilizziamo la tecnologia pi\u00f9 avanzata per monitorare i sistemi e rilevare gli attacchi.<\/p>\n<p>[\/vc_column_text][\/vc_column_inner][\/vc_row_inner][vc_row_inner][vc_column_inner width=&#8221;1\/2&#8243;][vc_column_text css=&#8221;.vc_custom_1554896156243{margin-right: 0px !important;margin-left: 0px !important;padding-right: 0px !important;padding-left: 92px !important;background-image: url(http:\/\/enigm4sec.com\/it\/it\/wp-content\/uploads\/2018\/02\/mechin-2.png1?id=6404) !important;background-position: 0 0 !important;background-repeat: no-repeat !important;}&#8221; el_class=&#8221;mechin-text&#8221;]<\/p>\n<h2>PREVENZIONE<\/h2>\n<p class=\"p1\">Enigm4 Sec vi aiuter\u00e0 ad anticipare potenziali minacce attraverso i nostri servizi diagnostici di sicurezza &#8211; hacking etico, analisi di vulnerabilit\u00e0 e cyber intelligence di minacce informatiche avanzate disegnati per analizzare la vostra infrastruttura IT, identificare falle nella sicurezza, mitigarle e prevenire futuri potenziali attacchi informatici.<\/p>\n<p>[\/vc_column_text][\/vc_column_inner][vc_column_inner width=&#8221;1\/2&#8243;][vc_single_image image=&#8221;8879&#8243; img_size=&#8221;large&#8221; alignment=&#8221;center&#8221; style=&#8221;vc_box_rounded&#8221;][vc_empty_space][vc_empty_space][\/vc_column_inner][\/vc_row_inner][vc_row_inner][vc_column_inner width=&#8221;1\/2&#8243;][vc_single_image image=&#8221;8870&#8243; img_size=&#8221;large&#8221; alignment=&#8221;right&#8221; style=&#8221;vc_box_rounded&#8221;][vc_empty_space][vc_empty_space][\/vc_column_inner][vc_column_inner width=&#8221;1\/2&#8243;][vc_column_text css=&#8221;.vc_custom_1554896373915{margin-right: 0px !important;margin-left: 0px !important;padding-right: 0px !important;padding-left: 92px !important;background-image: url(http:\/\/enigm4sec.com\/it\/it\/wp-content\/uploads\/2018\/02\/mechin-1.png1?id=6408) !important;background-position: 0 0 !important;background-repeat: no-repeat !important;}&#8221; el_class=&#8221;mechin-text&#8221;]<\/p>\n<h2>RISPOSTA<\/h2>\n<p>Attraverso il nostro servizio di risposta agli incidenti di cybersecurity, potr\u00e0 ricevere consulenza specifica sulla gestione degli incidenti di sicurezza informatica, eseguendo attivit\u00e0 di risposta, monitoraggio, mitigazione e ripristino delle attivit\u00e0 produttive; verr\u00e0 inoltre realizzata la ricerca delle cause primarie dell&#8217;incidente attraverso l&#8217;analisi forense.[\/vc_column_text][\/vc_column_inner][\/vc_row_inner][vc_row_inner][vc_column_inner width=&#8221;1\/2&#8243;][vc_column_text css=&#8221;.vc_custom_1554896677979{margin-right: 0px !important;margin-left: 0px !important;padding-right: 0px !important;padding-left: 92px !important;background-image: url(http:\/\/enigm4sec.com\/it\/it\/wp-content\/uploads\/2018\/02\/mechin-1.png1?id=6408) !important;background-position: 0 0 !important;background-repeat: no-repeat !important;}&#8221; el_class=&#8221;mechin-text&#8221;]<\/p>\n<h2>CYBERSECURITY INDUSTRIALE<\/h2>\n<p>Il settore industriale che ha subito pi\u00f9 attacchi \u00e8 quello manifatturiero; per questo motivo abbiamo disegnato il nostro portafoglio di servizi di sicurezza informatica con un focus esclusivo su questo settore cos\u00ec delicato.[\/vc_column_text][\/vc_column_inner][vc_column_inner width=&#8221;1\/2&#8243;][vc_single_image image=&#8221;8881&#8243; img_size=&#8221;large&#8221; alignment=&#8221;right&#8221; style=&#8221;vc_box_rounded&#8221;][\/vc_column_inner][\/vc_row_inner][\/vc_column][\/vc_row][vc_row][vc_column][\/vc_column][\/vc_row]<\/p>\n","protected":false},"excerpt":{"rendered":"<p>[vc_section full_width=&#8221;stretch_row&#8221; css=&#8221;.vc_custom_1519198247869{margin-bottom: 0px !important;padding-top: 65px !important;padding-bottom: 30px !important;}&#8221;][vc_row][vc_column][vc_custom_heading text=&#8221;Sicurezza informatica per il settore industriale e manifatturiero&#8221; font_container=&#8221;tag:h1|font_size:30px|text_align:center&#8221; use_theme_fonts=&#8221;yes&#8221; css_animation=&#8221;none&#8221; css=&#8221;.vc_custom_1554894651657{padding-top: 0px !important;padding-bottom: 0px !important;}&#8221;][vc_column_text css_animation=&#8221;none&#8221; css=&#8221;.vc_custom_1554939237926{margin-top: 12px !important;margin-bottom: 27px !important;padding-top: 0px !important;padding-bottom: 0px !important;}&#8221;]I vostri sistemi informatici, di controllo industriale e SCADA sono adeguatamente protetti per far fronte a un attacco cibernetico? I servizi [&hellip;]<\/p>\n","protected":false},"author":1,"featured_media":0,"parent":0,"menu_order":0,"comment_status":"closed","ping_status":"closed","template":"","meta":[],"_links":{"self":[{"href":"http:\/\/enigm4sec.com\/it\/wp-json\/wp\/v2\/pages\/8842"}],"collection":[{"href":"http:\/\/enigm4sec.com\/it\/wp-json\/wp\/v2\/pages"}],"about":[{"href":"http:\/\/enigm4sec.com\/it\/wp-json\/wp\/v2\/types\/page"}],"author":[{"embeddable":true,"href":"http:\/\/enigm4sec.com\/it\/wp-json\/wp\/v2\/users\/1"}],"replies":[{"embeddable":true,"href":"http:\/\/enigm4sec.com\/it\/wp-json\/wp\/v2\/comments?post=8842"}],"version-history":[{"count":42,"href":"http:\/\/enigm4sec.com\/it\/wp-json\/wp\/v2\/pages\/8842\/revisions"}],"predecessor-version":[{"id":9444,"href":"http:\/\/enigm4sec.com\/it\/wp-json\/wp\/v2\/pages\/8842\/revisions\/9444"}],"wp:attachment":[{"href":"http:\/\/enigm4sec.com\/it\/wp-json\/wp\/v2\/media?parent=8842"}],"curies":[{"name":"wp","href":"https:\/\/api.w.org\/{rel}","templated":true}]}}