{"id":9000,"date":"2019-01-27T20:28:09","date_gmt":"2019-01-28T02:28:09","guid":{"rendered":"http:\/\/enigm4sec.com\/it\/it\/wp_enigm4sec\/?page_id=9000"},"modified":"2019-04-12T05:42:53","modified_gmt":"2019-04-12T10:42:53","slug":"industria-respuesta","status":"publish","type":"page","link":"http:\/\/enigm4sec.com\/it\/industria-respuesta\/","title":{"rendered":"Risposta"},"content":{"rendered":"<p>[vc_section full_width=&#8221;stretch_row&#8221; css=&#8221;.vc_custom_1519198247869{margin-bottom: 0px !important;padding-top: 65px !important;padding-bottom: 30px !important;}&#8221;][vc_row full_width=&#8221;stretch_row&#8221; css_animation=&#8221;none&#8221; css=&#8221;.vc_custom_1519191954575{margin-top: 0px !important;margin-bottom: 0px !important;padding-top: 0px !important;padding-bottom: 0px !important;}&#8221;][vc_column css_animation=&#8221;none&#8221; css=&#8221;.vc_custom_1519191969183{margin-right: 0px !important;padding-right: 42px !important;}&#8221;][vc_custom_heading text=&#8221;Respuesta&#8221; font_container=&#8221;tag:h1|font_size:36px|text_align:left&#8221; use_theme_fonts=&#8221;yes&#8221; css_animation=&#8221;none&#8221; css=&#8221;.vc_custom_1548708691485{padding-top: 0px !important;padding-bottom: 0px !important;}&#8221;][vc_column_text css_animation=&#8221;none&#8221; css=&#8221;.vc_custom_1555063475857{margin-top: 12px !important;margin-bottom: 27px !important;padding-top: 0px !important;padding-bottom: 0px !important;}&#8221;]Il momento peggiore per accorgersi che la tua azienda non \u00e8 pronta a far fronte adeguatamente ad un incidente di sicurezza informatica \u00e8 quando questo purtroppo si verifica; si tratta di una situazione di crisi che genera molta pressione sull&#8217;area IT e al management in generale in quanto durante quegli istanti non \u00e8 possibile dare una risposta concreta alle domande &#8220;cosa?, come?, quando? e perch\u00e9?&#8221;, per non parlare delle conseguenze che l&#8217;incidente sta causando. Tra gli incidenti di sicurezza informatica segnalati nel corso del biennio 2017-2018 vi sono attacchi ransomware, malware, phishing, frode, estorsione, diffamazione, minacce, furto di password e di identit\u00e0 i quali hanno sollevato la necessit\u00e0 di focalizzare l&#8217;interesse su soluzioni di sicurezza per tutelare i beni aziendali. Tuttavia la domanda principale da rivolgersi \u00e8: Cosa fare nel momento in cui la mia azienda \u00e8 vittima di un attacco informatico? Si richiede che ogni azienda abbia un piano di risposta agli incidenti di sicurezza informatica, un piano chiaro e completo che descriva i ruoli e le responsabilit\u00e0, i processi e le procedure da seguire in caso di un incidente di sicurezza informatica. Senza di esso vi \u00e8 un rischio molto elevato di prendere decisioni senza un ordine prestabilito e il risultato finale sar\u00e0 quello di aumentare la gravit\u00e0 dell&#8217;impatto e di ritardare la risoluzione della fase critica. Attraverso i servizi di risposta a incidenti di sicurezza informatica e analisi forense vi aiutiamo a fornire un piano strutturato per realizzare una risposta tempestiva ed efficiente al verificarsi di un incidente di sicurezza, che si traduce in un notevole risparmio di tempo e denaro.[\/vc_column_text][\/vc_column][\/vc_row][\/vc_section][vc_row css=&#8221;.vc_custom_1519211851621{margin-top: 25px !important;margin-bottom: 0px !important;padding-top: 0px !important;padding-bottom: 25px !important;background-position: 0 0 !important;background-repeat: no-repeat !important;}&#8221;][vc_column][vc_row_inner css=&#8221;.vc_custom_1518610017481{padding-bottom: 50px !important;}&#8221;][vc_column_inner]<div class=\"rt-tab element-four rt-92e8cf0c-98ec-4 tab-list-style-one\"  style=\"width:\"><ul class=\"nav-tabs nav-justified\"><li data-tab-icon=false class=\"matchHeight\"><a class=\"text-left\" data-toggle=\"tab\" href=\"#92e8cf0c-98ec-2\">RISPOSTA A INCIDENTE DI SICUREZZA<\/a><\/li><li data-tab-icon=false class=\"matchHeight\"><a class=\"text-left\" data-toggle=\"tab\" href=\"#92e8cf0c-98ec-4\">ANALISI FORENSE<\/a><\/li><\/ul><div class=\"tab-content \"><div id=\"92e8cf0c-98ec-2\" class=\"tab-pane fade\"><\/p>\n<h2 class=\"heading-font-style\">RISPOSTA A INCIDENTE DE SICUREZZA<\/h2>\n<p style=\"text-align: left;\">Supporto 24&#215;7 in tutte le fasi del processo di risposta agli incidenti di sicurezza. Garantisci la protezione delle tua infrastrutture e dei dati sensibili con il nostro servizio di risposta agli incidenti. Consulenza in ogni fase del processo di risposta : rilevamento, contenimento, eradicazione e gestione di crisi, nel pieno rispetto delle operazioni della tua azienda.<\/p>\n<p>&nbsp;<\/p>\n<p style=\"text-align: left;\"><img loading=\"lazy\" class=\"alignleft wp-image-9090\" src=\"http:\/\/enigm4sec.com\/it\/it\/wp-content\/uploads\/2019\/01\/csirt2-300x225.jpg\" alt=\"\" width=\"359\" height=\"269\" srcset=\"http:\/\/enigm4sec.com\/it\/wp-content\/uploads\/2019\/01\/csirt2-300x225.jpg 300w, http:\/\/enigm4sec.com\/it\/wp-content\/uploads\/2019\/01\/csirt2.jpg 480w\" sizes=\"(max-width: 359px) 100vw, 359px\" \/><\/p>\n<p style=\"text-align: left;\">La nostra soluzione offre un servizio di investigazione remota e\/o on site degli incidenti di sicurezza informatica con massima priorit\u00e0, il processo di contenimento 24&#215;7 e successivamente il ripristino dei sistemi coinvolti nell&#8217;incidente grazie al supporto del nostro team CSIRT (Computer Security Incident Response Team). Una volta superata la fase critica, il servizio prevede sessioni di lezioni apprese affiancate dallo sviluppo di una strategia di sicurezza su misura.<\/p>\n<p>&nbsp;<\/p>\n<p>&nbsp;<\/p>\n<p>&nbsp;<\/p>\n<p>&nbsp;<\/p>\n<p>&nbsp;<\/p>\n<p>&nbsp;<\/p>\n<p>&nbsp;<\/p>\n<p>&nbsp;<\/p>\n<p><strong>Vantaggi:<\/strong><\/p>\n<ul>\n<li>Disponibilit\u00e0 24&#215;7 del team CSIRT di Enigm4 Sec.<\/li>\n<li>Formazione del personale su come affrontare la crisi di un incidente di sicurezza informatica.<\/li>\n<li>Reports informativi.<\/li>\n<li>Sessioni di lezioni apprese.<\/li>\n<\/ul>\n<p>&nbsp;<\/p>\n<p>&nbsp;<\/p>\n<p>&nbsp;<\/div><div id=\"92e8cf0c-98ec-4\" class=\"tab-pane fade\"><\/p>\n<h2 class=\"heading-font-style\">ANALISI FORENSE<\/h2>\n<p class=\"p1\">In caso di risposta a un incidente di sicurezza, l&#8217;analisi forense \u00e8 un complemento importante per identificare le cause che hanno provocato l&#8217;incidente, l&#8217;obiettivo principale \u00e8 quello di fornire una risposta alle domande: chi?, cosa?, come?, quando? e perch\u00e9?. Il processo di analisi forense effettuato sull&#8217;infrastruttura tecnologica coinvolte in un incidente di sicurezza consente di identificare, preservare, analizzare e presentare le informazioni raccolte eseguendo la ricostruzione cronologica degli eventi che hanno causato l&#8217;incidente stesso. Gli analisti forensi si concentrano nell&#8217;analisi di log, dischi, memorie e qualsiasi altro mezzo tecnologico sia coinvolto nell&#8217;incidente di sicurezza, prestando particolare attenzione alla salvaguardia della catena di custodia dei dispositivi analizzati.<\/p>\n<h3><\/h3>\n<h3><\/h3>\n<p>&nbsp;<\/p>\n<p>&nbsp;<\/p>\n<p>&nbsp;<\/p>\n<h4>Vantaggi:<\/h4>\n<div class=\"tab-inner-section\">\n<div class=\"row\">\n<div class=\"col-sm-7\">\n<div class=\"contect-section\">\n<ul>\n<li><span class=\"s1\">Determinazione della causa\/e principali dell&#8217;incidente di sicurezza <\/span><\/li>\n<li>Conservazione della catena di custodia<\/li>\n<\/ul>\n<\/div>\n<\/div>\n<\/div>\n<\/div>\n<p><\/div><\/div><\/div>[\/vc_column_inner][\/vc_row_inner][\/vc_column][\/vc_row]<\/p>\n","protected":false},"excerpt":{"rendered":"<p>[vc_section full_width=&#8221;stretch_row&#8221; css=&#8221;.vc_custom_1519198247869{margin-bottom: 0px !important;padding-top: 65px !important;padding-bottom: 30px !important;}&#8221;][vc_row full_width=&#8221;stretch_row&#8221; css_animation=&#8221;none&#8221; css=&#8221;.vc_custom_1519191954575{margin-top: 0px !important;margin-bottom: 0px !important;padding-top: 0px !important;padding-bottom: 0px !important;}&#8221;][vc_column css_animation=&#8221;none&#8221; css=&#8221;.vc_custom_1519191969183{margin-right: 0px !important;padding-right: 42px !important;}&#8221;][vc_custom_heading text=&#8221;Respuesta&#8221; font_container=&#8221;tag:h1|font_size:36px|text_align:left&#8221; use_theme_fonts=&#8221;yes&#8221; css_animation=&#8221;none&#8221; css=&#8221;.vc_custom_1548708691485{padding-top: 0px !important;padding-bottom: 0px !important;}&#8221;][vc_column_text css_animation=&#8221;none&#8221; css=&#8221;.vc_custom_1555063475857{margin-top: 12px !important;margin-bottom: 27px !important;padding-top: 0px !important;padding-bottom: 0px !important;}&#8221;]Il momento peggiore per accorgersi che la tua azienda non \u00e8 [&hellip;]<\/p>\n","protected":false},"author":1,"featured_media":0,"parent":0,"menu_order":0,"comment_status":"closed","ping_status":"closed","template":"","meta":[],"_links":{"self":[{"href":"http:\/\/enigm4sec.com\/it\/wp-json\/wp\/v2\/pages\/9000"}],"collection":[{"href":"http:\/\/enigm4sec.com\/it\/wp-json\/wp\/v2\/pages"}],"about":[{"href":"http:\/\/enigm4sec.com\/it\/wp-json\/wp\/v2\/types\/page"}],"author":[{"embeddable":true,"href":"http:\/\/enigm4sec.com\/it\/wp-json\/wp\/v2\/users\/1"}],"replies":[{"embeddable":true,"href":"http:\/\/enigm4sec.com\/it\/wp-json\/wp\/v2\/comments?post=9000"}],"version-history":[{"count":23,"href":"http:\/\/enigm4sec.com\/it\/wp-json\/wp\/v2\/pages\/9000\/revisions"}],"predecessor-version":[{"id":9457,"href":"http:\/\/enigm4sec.com\/it\/wp-json\/wp\/v2\/pages\/9000\/revisions\/9457"}],"wp:attachment":[{"href":"http:\/\/enigm4sec.com\/it\/wp-json\/wp\/v2\/media?parent=9000"}],"curies":[{"name":"wp","href":"https:\/\/api.w.org\/{rel}","templated":true}]}}