{"id":9196,"date":"2019-02-05T04:53:04","date_gmt":"2019-02-05T10:53:04","guid":{"rendered":"http:\/\/enigm4sec.com\/it\/it\/wp_enigm4sec\/?page_id=9196"},"modified":"2019-04-20T04:00:00","modified_gmt":"2019-04-20T09:00:00","slug":"vittima-intrusione","status":"publish","type":"page","link":"http:\/\/enigm4sec.com\/it\/vittima-intrusione\/","title":{"rendered":"vittima"},"content":{"rendered":"<p>[vc_section full_width=&#8221;stretch_row&#8221; css=&#8221;.vc_custom_1519729320894{margin-top: 0px !important;margin-bottom: 0px !important;padding-top: 0px !important;padding-bottom: 0px !important;background-color: #ffffff !important;background-position: center !important;background-repeat: no-repeat !important;background-size: cover !important;}&#8221;][vc_row][vc_column][vc_message message_box_color=&#8221;danger&#8221; icon_fontawesome=&#8221;fa fa-exclamation-triangle&#8221;]In caso di essere vittima di un incidente di sicurezza, si prega di realizzare le seguenti operazioni:<\/p>\n<ul>\n<li>Disconnettere i dispositivi interessati senza per\u00f2 spegnerli: durante questa fase l&#8217;obiettivo \u00e8 quello di interrompere qualsiasi tipo di attivit\u00e0 non autorizzata in corso e limitare la comunicazione da e verso i sistemi interessati.<\/li>\n<li>Non realizzare attivit\u00e0 o modifiche che potrebbero cancellare logs e\/o contaminare le prove.<\/li>\n<li>Contattare Enigm4 Sec in modo da poter ricevere nel pi\u00f9 breve tempo possibile il team di risposta agli incidenti di sicurezza informatica.<\/li>\n<\/ul>\n<p>[\/vc_message][\/vc_column][\/vc_row][vc_row gap=&#8221;15&#8243; equal_height=&#8221;yes&#8221; css_animation=&#8221;none&#8221; css=&#8221;.vc_custom_1519797771824{margin-top: 0px !important;margin-bottom: 0px !important;padding-top: 73px !important;padding-right: 0px !important;padding-bottom: 73px !important;padding-left: 0px !important;}&#8221;][vc_column css=&#8221;.vc_custom_1519797724944{margin-top: 0px !important;margin-bottom: 0px !important;border-top-width: 1px !important;border-right-width: 1px !important;border-bottom-width: 1px !important;border-left-width: 1px !important;padding-top: 37px !important;padding-right: 37px !important;padding-bottom: 37px !important;padding-left: 37px !important;background-color: #fbfbfb !important;border-left-color: #eae9e9 !important;border-left-style: solid !important;border-right-color: #eae9e9 !important;border-right-style: solid !important;border-top-color: #eae9e9 !important;border-top-style: solid !important;border-bottom-color: #eae9e9 !important;border-bottom-style: solid !important;}&#8221;][vc_custom_heading text=&#8221;Form per la richiesta del team di risposta a incidenti di sicurezza informatica&#8221; font_container=&#8221;tag:h2|font_size:27px|text_align:center|line_height:45px&#8221; use_theme_fonts=&#8221;yes&#8221; css_animation=&#8221;none&#8221; css=&#8221;.vc_custom_1555750530341{margin-top: 0px !important;margin-bottom: 0px !important;padding-top: 0px !important;padding-bottom: 0px !important;}&#8221;][vc_column_text css_animation=&#8221;none&#8221; css=&#8221;.vc_custom_1555750793268{margin-top: 10px !important;margin-bottom: 0px !important;padding-top: 0px !important;padding-right: 0px !important;padding-bottom: 0px !important;padding-left: 0px !important;}&#8221;]<\/p>\n<p style=\"text-align: center;\">Uno dei nostri incaricati si metter\u00e0 in contatto attraverso i recapiti indicati il pi\u00f9 presto possibile.<\/p>\n<p>[\/vc_column_text][vc_row_inner css=&#8221;.vc_custom_1519730957211{margin-top: 35px !important;margin-bottom: 0px !important;padding-top: 0px !important;padding-bottom: 0px !important;}&#8221;][vc_column_inner]\r<!-- rt-cf7 -->\r<div class=\"radiant-contact-form rt17d8080d17ec961 element-one \"  ><div role=\"form\" class=\"wpcf7\" id=\"wpcf7-f7231-o1\" lang=\"en-US\" dir=\"ltr\">\n<div class=\"screen-reader-response\"><\/div>\n<form action=\"\/it\/wp-json\/wp\/v2\/pages\/9196#wpcf7-f7231-o1\" method=\"post\" class=\"wpcf7-form wpcf7-acceptance-as-validation\" novalidate=\"novalidate\">\n<div style=\"display: none;\">\n<input type=\"hidden\" name=\"_wpcf7\" value=\"7231\" \/>\n<input type=\"hidden\" name=\"_wpcf7_version\" value=\"5.0.5\" \/>\n<input type=\"hidden\" name=\"_wpcf7_locale\" value=\"en_US\" \/>\n<input type=\"hidden\" name=\"_wpcf7_unit_tag\" value=\"wpcf7-f7231-o1\" \/>\n<input type=\"hidden\" name=\"_wpcf7_container_post\" value=\"0\" \/>\n<\/div>\n<div class=\"row\">\n<div class=\"col-lg-6 col-md-6 col-sm-12 col-xs-12\">\n<div class=\"form-row\">\n<span class=\"wpcf7-form-control-wrap Name\"><input type=\"text\" name=\"Name\" value=\"\" size=\"40\" class=\"wpcf7-form-control wpcf7-text wpcf7-validates-as-required\" aria-required=\"true\" aria-invalid=\"false\" placeholder=\"Nome e cognome:\" \/><\/span>\n<\/div>\n<\/div>\n<div class=\"col-lg-6 col-md-6 col-sm-12 col-xs-12\">\n<div class=\"form-row\">\n<span class=\"wpcf7-form-control-wrap email\"><input type=\"email\" name=\"email\" value=\"\" size=\"40\" class=\"wpcf7-form-control wpcf7-text wpcf7-email wpcf7-validates-as-required wpcf7-validates-as-email\" aria-required=\"true\" aria-invalid=\"false\" placeholder=\"E-mail:\" \/><\/span>\n<\/div>\n<\/div>\n<div class=\"col-lg-6 col-md-6 col-sm-12 col-xs-12\">\n<div class=\"form-row\">\n<span class=\"wpcf7-form-control-wrap phone\"><input type=\"tel\" name=\"phone\" value=\"\" size=\"40\" class=\"wpcf7-form-control wpcf7-text wpcf7-tel wpcf7-validates-as-tel\" aria-invalid=\"false\" placeholder=\"Telefono:\" \/><\/span>\n<\/div>\n<\/div>\n<div class=\"col-lg-6 col-md-6 col-sm-12 col-xs-12\">\n<div class=\"form-row\">\n<span class=\"wpcf7-form-control-wrap YourCompany\"><input type=\"text\" name=\"YourCompany\" value=\"\" size=\"40\" class=\"wpcf7-form-control wpcf7-text\" aria-invalid=\"false\" placeholder=\"Societ\u00e0:\" \/><\/span>\n<\/div>\n<\/div>\n<div class=\"col-lg-6 col-md-6 col-sm-12 col-xs-12\">\n<div class=\"form-row\">\n<span class=\"wpcf7-form-control-wrap subject\"><input type=\"text\" name=\"subject\" value=\"\" size=\"40\" class=\"wpcf7-form-control wpcf7-text\" aria-invalid=\"false\" placeholder=\"Oggetto:\" \/><\/span>\n<\/div>\n<\/div>\n<div class=\"col-lg-12 col-md-12 col-sm-12 col-xs-12\">\n<div class=\"form-row\">\n<span class=\"wpcf7-form-control-wrap message\"><textarea name=\"message\" cols=\"40\" rows=\"10\" class=\"wpcf7-form-control wpcf7-textarea\" aria-invalid=\"false\" placeholder=\"Messaggio:\"><\/textarea><\/span>\n<\/div>\n<\/div>\n<div class=\"col-lg-12 col-md-12 col-sm-12 col-xs-12\">\n<div class=\"form-row last button text-center\">\n<span class=\"wpcf7-form-control-wrap accept-this-1\"><span class=\"wpcf7-form-control wpcf7-acceptance\"><span class=\"wpcf7-list-item\"><label><input type=\"checkbox\" name=\"accept-this-1\" value=\"1\" aria-invalid=\"false\" \/><span class=\"wpcf7-list-item-label\">Click nella casella per accettare <a target=\"_blank\" rel=\"noopener noreferrer\" href=\"http:\/\/enigm4sec.com\/it\/informativa-privacy\/\">Termini e condizioni.<\/a><\/span><\/label><\/span><\/span><\/span><br \/>\n[anr_nocaptcha g-recaptcha-response]<br \/>\n<input type=\"submit\" value=\"INVIARE MESSAGGIO\" class=\"wpcf7-form-control wpcf7-submit custom-btn-submit\" \/>\n<\/div>\n<\/div>\n<\/div>\n<div class=\"wpcf7-response-output wpcf7-display-none\"><\/div><\/form><\/div><\/div>\r<!-- rt-cf7 -->\r[\/vc_column_inner][\/vc_row_inner][\/vc_column][\/vc_row][\/vc_section]<\/p>\n","protected":false},"excerpt":{"rendered":"<p>[vc_section full_width=&#8221;stretch_row&#8221; css=&#8221;.vc_custom_1519729320894{margin-top: 0px !important;margin-bottom: 0px !important;padding-top: 0px !important;padding-bottom: 0px !important;background-color: #ffffff !important;background-position: center !important;background-repeat: no-repeat !important;background-size: cover !important;}&#8221;][vc_row][vc_column][vc_message message_box_color=&#8221;danger&#8221; icon_fontawesome=&#8221;fa fa-exclamation-triangle&#8221;]In caso di essere vittima di un incidente di sicurezza, si prega di realizzare le seguenti operazioni: Disconnettere i dispositivi interessati senza per\u00f2 spegnerli: durante questa fase l&#8217;obiettivo \u00e8 quello di interrompere qualsiasi tipo [&hellip;]<\/p>\n","protected":false},"author":1,"featured_media":0,"parent":0,"menu_order":0,"comment_status":"closed","ping_status":"closed","template":"","meta":[],"_links":{"self":[{"href":"http:\/\/enigm4sec.com\/it\/wp-json\/wp\/v2\/pages\/9196"}],"collection":[{"href":"http:\/\/enigm4sec.com\/it\/wp-json\/wp\/v2\/pages"}],"about":[{"href":"http:\/\/enigm4sec.com\/it\/wp-json\/wp\/v2\/types\/page"}],"author":[{"embeddable":true,"href":"http:\/\/enigm4sec.com\/it\/wp-json\/wp\/v2\/users\/1"}],"replies":[{"embeddable":true,"href":"http:\/\/enigm4sec.com\/it\/wp-json\/wp\/v2\/comments?post=9196"}],"version-history":[{"count":8,"href":"http:\/\/enigm4sec.com\/it\/wp-json\/wp\/v2\/pages\/9196\/revisions"}],"predecessor-version":[{"id":9489,"href":"http:\/\/enigm4sec.com\/it\/wp-json\/wp\/v2\/pages\/9196\/revisions\/9489"}],"wp:attachment":[{"href":"http:\/\/enigm4sec.com\/it\/wp-json\/wp\/v2\/media?parent=9196"}],"curies":[{"name":"wp","href":"https:\/\/api.w.org\/{rel}","templated":true}]}}